{"id":1306,"date":"2023-12-18T15:45:54","date_gmt":"2023-12-18T14:45:54","guid":{"rendered":"https:\/\/vulpino-catamaran.com\/imprimer\/"},"modified":"2024-03-27T14:07:56","modified_gmt":"2024-03-27T13:07:56","slug":"imprimer","status":"publish","type":"page","link":"https:\/\/vulpino-catamaran.com\/fr\/imprimer\/","title":{"rendered":"Imprimer"},"content":{"rendered":"<p>[et_pb_section fb_built=\u00a0\u00bb1&Prime; _builder_version=\u00a0\u00bb4.24.0&Prime; _module_preset=\u00a0\u00bbdefault\u00a0\u00bb background_color=\u00a0\u00bb#ececec\u00a0\u00bb global_colors_info=\u00a0\u00bb{}\u00a0\u00bb][et_pb_row _builder_version=\u00a0\u00bb4.23.1&Prime; _module_preset=\u00a0\u00bbdefault\u00a0\u00bb global_colors_info=\u00a0\u00bb{}\u00a0\u00bb][et_pb_column type=\u00a0\u00bb4_4&Prime; _builder_version=\u00a0\u00bb4.23.1&Prime; _module_preset=\u00a0\u00bbdefault\u00a0\u00bb global_colors_info=\u00a0\u00bb{}\u00a0\u00bb][et_pb_text _builder_version=\u00a0\u00bb4.24.2&Prime; _module_preset=\u00a0\u00bbdefault\u00a0\u00bb global_colors_info=\u00a0\u00bb{}\u00a0\u00bb]<\/p>\n<h1>Imprimer<\/h1>\n<h2> <\/h2>\n<h2>Conform\u00e9ment au \u00a7 5 TMG<\/h2>\n<p>Vulpino GmbH + Co. KG<br \/>Weidboden 1<br \/>D-83339 Chieming, Allemagne<\/p>\n<p>registre du commerce: DE322804432<br \/>Tribunal du greffe: Amtsgericht Traunstein<\/p>\n<p><strong>Repr\u00e9sent\u00e9 par:<br \/><\/strong>Vulpino Verwaltungs GmbH<\/p>\n<p>Ceux-ci repr\u00e9sent\u00e9s par :<br \/>Rolf Philipp, Vincent Philipp<\/p>\n<p>registre du commerce: DE322804432<br \/>Tribunal du greffe: Amtsgericht Traunstein<\/p>\n<p>&nbsp;<\/p>\n<h2>Contact<\/h2>\n<p>t\u00e9l\u00e9phone: xxx<br \/>e-mail: info@vulpino.de<\/p>\n<p>&nbsp;<\/p>\n<h2>Num\u00e9ro d&rsquo;identification fiscale<\/h2>\n<p>Num\u00e9ro d&rsquo;identification de taxe sur les ventes conform\u00e9ment \u00a7 27 a de la loi sur la taxe sur les ventes : xxx<\/p>\n<p>&nbsp;<\/p>\n<h2>Conseil de r\u00e8glement des litiges de consommation\/arbitrage universel<\/h2>\n<p>Nous ne sommes ni dispos\u00e9s ni oblig\u00e9s de participer \u00e0 une proc\u00e9dure de r\u00e8glement des litiges devant un conseil d&rsquo;arbitrage des consommateurs.<\/p>\n<p>[\/et_pb_text][\/et_pb_column][\/et_pb_row][\/et_pb_section]<\/p>\n","protected":false},"excerpt":{"rendered":"<p>Imprimer Conform\u00e9ment au \u00a7 5 TMG Vulpino GmbH + Co. KGWeidboden 1D-83339 Chieming, Allemagne registre du commerce: DE322804432Tribunal du greffe: Amtsgericht Traunstein Repr\u00e9sent\u00e9 par:Vulpino Verwaltungs GmbH Ceux-ci repr\u00e9sent\u00e9s par :Rolf Philipp, Vincent Philipp registre du commerce: DE322804432Tribunal du greffe: Amtsgericht Traunstein &nbsp; Contact t\u00e9l\u00e9phone: xxxe-mail: info@vulpino.de &nbsp; Num\u00e9ro d&rsquo;identification fiscale Num\u00e9ro d&rsquo;identification de taxe sur [&hellip;]<\/p>\n","protected":false},"author":2,"featured_media":0,"parent":0,"menu_order":0,"comment_status":"closed","ping_status":"closed","template":"","meta":{"_et_pb_use_builder":"on","_et_pb_old_content":"","_et_gb_content_width":"","inline_featured_image":false,"footnotes":""},"class_list":["post-1306","page","type-page","status-publish","hentry"],"yoast_head":"<!-- This site is optimized with the Yoast SEO plugin v23.4 - https:\/\/yoast.com\/wordpress\/plugins\/seo\/ -->\n<title>Imprimer - Vulpino<\/title>\n<meta name=\"robots\" content=\"index, follow, max-snippet:-1, max-image-preview:large, max-video-preview:-1\" \/>\n<link rel=\"canonical\" href=\"https:\/\/vulpino-catamaran.com\/imprint\/\" \/>\n<meta property=\"og:locale\" content=\"fr_FR\" \/>\n<meta property=\"og:type\" content=\"article\" \/>\n<meta property=\"og:title\" content=\"Imprimer - Vulpino\" \/>\n<meta property=\"og:description\" content=\"Imprimer Conform\u00e9ment au \u00a7 5 TMG Vulpino GmbH + Co. KGWeidboden 1D-83339 Chieming, Allemagne registre du commerce: DE322804432Tribunal du greffe: Amtsgericht Traunstein Repr\u00e9sent\u00e9 par:Vulpino Verwaltungs GmbH Ceux-ci repr\u00e9sent\u00e9s par :Rolf Philipp, Vincent Philipp registre du commerce: DE322804432Tribunal du greffe: Amtsgericht Traunstein &nbsp; Contact t\u00e9l\u00e9phone: xxxe-mail: info@vulpino.de &nbsp; Num\u00e9ro d&#039;identification fiscale Num\u00e9ro d&#039;identification de taxe sur [&hellip;]\" \/>\n<meta property=\"og:url\" content=\"https:\/\/vulpino-catamaran.com\/imprint\/\" \/>\n<meta property=\"og:site_name\" content=\"Vulpino\" \/>\n<meta property=\"article:modified_time\" content=\"2024-03-27T13:07:56+00:00\" \/>\n<meta name=\"twitter:card\" content=\"summary_large_image\" \/>\n<meta name=\"twitter:label1\" content=\"Dur\u00e9e de lecture estim\u00e9e\" \/>\n\t<meta name=\"twitter:data1\" content=\"1 minute\" \/>\n<script type=\"application\/ld+json\" class=\"yoast-schema-graph\">{\"@context\":\"https:\/\/schema.org\",\"@graph\":[{\"@type\":\"WebPage\",\"@id\":\"https:\/\/vulpino-catamaran.com\/imprint\/\",\"url\":\"https:\/\/vulpino-catamaran.com\/imprint\/\",\"name\":\"Imprimer - Vulpino\",\"isPartOf\":{\"@id\":\"https:\/\/vulpino-catamaran.com\/#website\"},\"datePublished\":\"2023-12-18T14:45:54+00:00\",\"dateModified\":\"2024-03-27T13:07:56+00:00\",\"breadcrumb\":{\"@id\":\"https:\/\/vulpino-catamaran.com\/imprint\/#breadcrumb\"},\"inLanguage\":\"fr-FR\",\"potentialAction\":[{\"@type\":\"ReadAction\",\"target\":[\"https:\/\/vulpino-catamaran.com\/imprint\/\"]}]},{\"@type\":\"BreadcrumbList\",\"@id\":\"https:\/\/vulpino-catamaran.com\/imprint\/#breadcrumb\",\"itemListElement\":[{\"@type\":\"ListItem\",\"position\":1,\"name\":\"Startseite\",\"item\":\"https:\/\/vulpino-catamaran.com\/fr\/\"},{\"@type\":\"ListItem\",\"position\":2,\"name\":\"Imprimer\"}]},{\"@type\":\"WebSite\",\"@id\":\"https:\/\/vulpino-catamaran.com\/#website\",\"url\":\"https:\/\/vulpino-catamaran.com\/\",\"name\":\"Vulpino\",\"description\":\"5-Sterne Luxus auf dem Meer\",\"potentialAction\":[{\"@type\":\"SearchAction\",\"target\":{\"@type\":\"EntryPoint\",\"urlTemplate\":\"https:\/\/vulpino-catamaran.com\/?s={search_term_string}\"},\"query-input\":{\"@type\":\"PropertyValueSpecification\",\"valueRequired\":true,\"valueName\":\"search_term_string\"}}],\"inLanguage\":\"fr-FR\"}]}<\/script>\n<!-- \/ Yoast SEO plugin. -->","yoast_head_json":{"title":"Imprimer - Vulpino","robots":{"index":"index","follow":"follow","max-snippet":"max-snippet:-1","max-image-preview":"max-image-preview:large","max-video-preview":"max-video-preview:-1"},"canonical":"https:\/\/vulpino-catamaran.com\/imprint\/","og_locale":"fr_FR","og_type":"article","og_title":"Imprimer - Vulpino","og_description":"Imprimer Conform\u00e9ment au \u00a7 5 TMG Vulpino GmbH + Co. KGWeidboden 1D-83339 Chieming, Allemagne registre du commerce: DE322804432Tribunal du greffe: Amtsgericht Traunstein Repr\u00e9sent\u00e9 par:Vulpino Verwaltungs GmbH Ceux-ci repr\u00e9sent\u00e9s par :Rolf Philipp, Vincent Philipp registre du commerce: DE322804432Tribunal du greffe: Amtsgericht Traunstein &nbsp; Contact t\u00e9l\u00e9phone: xxxe-mail: info@vulpino.de &nbsp; Num\u00e9ro d'identification fiscale Num\u00e9ro d'identification de taxe sur [&hellip;]","og_url":"https:\/\/vulpino-catamaran.com\/imprint\/","og_site_name":"Vulpino","article_modified_time":"2024-03-27T13:07:56+00:00","twitter_card":"summary_large_image","twitter_misc":{"Dur\u00e9e de lecture estim\u00e9e":"1 minute"},"schema":{"@context":"https:\/\/schema.org","@graph":[{"@type":"WebPage","@id":"https:\/\/vulpino-catamaran.com\/imprint\/","url":"https:\/\/vulpino-catamaran.com\/imprint\/","name":"Imprimer - Vulpino","isPartOf":{"@id":"https:\/\/vulpino-catamaran.com\/#website"},"datePublished":"2023-12-18T14:45:54+00:00","dateModified":"2024-03-27T13:07:56+00:00","breadcrumb":{"@id":"https:\/\/vulpino-catamaran.com\/imprint\/#breadcrumb"},"inLanguage":"fr-FR","potentialAction":[{"@type":"ReadAction","target":["https:\/\/vulpino-catamaran.com\/imprint\/"]}]},{"@type":"BreadcrumbList","@id":"https:\/\/vulpino-catamaran.com\/imprint\/#breadcrumb","itemListElement":[{"@type":"ListItem","position":1,"name":"Startseite","item":"https:\/\/vulpino-catamaran.com\/fr\/"},{"@type":"ListItem","position":2,"name":"Imprimer"}]},{"@type":"WebSite","@id":"https:\/\/vulpino-catamaran.com\/#website","url":"https:\/\/vulpino-catamaran.com\/","name":"Vulpino","description":"5-Sterne Luxus auf dem Meer","potentialAction":[{"@type":"SearchAction","target":{"@type":"EntryPoint","urlTemplate":"https:\/\/vulpino-catamaran.com\/?s={search_term_string}"},"query-input":{"@type":"PropertyValueSpecification","valueRequired":true,"valueName":"search_term_string"}}],"inLanguage":"fr-FR"}]}},"_links":{"self":[{"href":"https:\/\/vulpino-catamaran.com\/fr\/wp-json\/wp\/v2\/pages\/1306","targetHints":{"allow":["GET"]}}],"collection":[{"href":"https:\/\/vulpino-catamaran.com\/fr\/wp-json\/wp\/v2\/pages"}],"about":[{"href":"https:\/\/vulpino-catamaran.com\/fr\/wp-json\/wp\/v2\/types\/page"}],"author":[{"embeddable":true,"href":"https:\/\/vulpino-catamaran.com\/fr\/wp-json\/wp\/v2\/users\/2"}],"replies":[{"embeddable":true,"href":"https:\/\/vulpino-catamaran.com\/fr\/wp-json\/wp\/v2\/comments?post=1306"}],"version-history":[{"count":2,"href":"https:\/\/vulpino-catamaran.com\/fr\/wp-json\/wp\/v2\/pages\/1306\/revisions"}],"predecessor-version":[{"id":1345,"href":"https:\/\/vulpino-catamaran.com\/fr\/wp-json\/wp\/v2\/pages\/1306\/revisions\/1345"}],"wp:attachment":[{"href":"https:\/\/vulpino-catamaran.com\/fr\/wp-json\/wp\/v2\/media?parent=1306"}],"curies":[{"name":"wp","href":"https:\/\/api.w.org\/{rel}","templated":true}]}}